{"id":292193,"date":"2024-08-09T17:00:03","date_gmt":"2024-08-09T15:00:03","guid":{"rendered":"https:\/\/lumigny-safari-reserve.com\/hotel-le-royaume-des-lions\/"},"modified":"2024-08-26T11:19:17","modified_gmt":"2024-08-26T09:19:17","slug":"le-royaume-des-lions","status":"publish","type":"page","link":"https:\/\/lumigny-safari-reserve.com\/en\/le-royaume-des-lions\/","title":{"rendered":"Le Royaume des Lions<br\/> Hotel"},"content":{"rendered":"","protected":false},"excerpt":{"rendered":"","protected":false},"author":1,"featured_media":990,"parent":0,"menu_order":0,"comment_status":"closed","ping_status":"closed","template":"model-royaume-lions.php","meta":{"_acf_changed":false,"inline_featured_image":false,"footnotes":""},"class_list":["post-292193","page","type-page","status-publish","has-post-thumbnail","hentry"],"acf":[],"yoast_head":"<!-- This site is optimized with the Yoast SEO plugin v26.6 - https:\/\/yoast.com\/wordpress\/plugins\/seo\/ -->\n<title>Le Royaume des Lions Hotel - Lumigny Safari Reserve<\/title>\n<meta name=\"description\" content=\"Dormez face aux Lions au Lumigny Safari Reserve. Situ\u00e9 \u00e0 seulement 50 kms de Paris, le Royaume des Lions vous accueille toute l&#039;ann\u00e9e.\" \/>\n<meta name=\"robots\" content=\"index, follow, max-snippet:-1, max-image-preview:large, max-video-preview:-1\" \/>\n<link rel=\"canonical\" href=\"https:\/\/lumigny-safari-reserve.com\/en\/le-royaume-des-lions\/\" \/>\n<meta property=\"og:locale\" content=\"en_US\" \/>\n<meta property=\"og:type\" content=\"article\" \/>\n<meta property=\"og:title\" content=\"Le Royaume des Lions Hotel - Lumigny Safari Reserve\" \/>\n<meta property=\"og:description\" content=\"Dormez face aux Lions au Lumigny Safari Reserve. Situ\u00e9 \u00e0 seulement 50 kms de Paris, le Royaume des Lions vous accueille toute l&#039;ann\u00e9e.\" \/>\n<meta property=\"og:url\" content=\"https:\/\/lumigny-safari-reserve.com\/en\/le-royaume-des-lions\/\" \/>\n<meta property=\"og:site_name\" content=\"Lumigny Safari Reserve\" \/>\n<meta property=\"article:modified_time\" content=\"2024-08-26T09:19:17+00:00\" \/>\n<meta name=\"twitter:card\" content=\"summary_large_image\" \/>\n<script type=\"application\/ld+json\" class=\"yoast-schema-graph\">{\"@context\":\"https:\/\/schema.org\",\"@graph\":[{\"@type\":\"WebPage\",\"@id\":\"https:\/\/lumigny-safari-reserve.com\/en\/le-royaume-des-lions\/\",\"url\":\"https:\/\/lumigny-safari-reserve.com\/en\/le-royaume-des-lions\/\",\"name\":\"Le Royaume des Lions Hotel - Lumigny Safari Reserve\",\"isPartOf\":{\"@id\":\"https:\/\/lumigny-safari-reserve.com\/en\/#website\"},\"primaryImageOfPage\":{\"@id\":\"https:\/\/lumigny-safari-reserve.com\/en\/le-royaume-des-lions\/#primaryimage\"},\"image\":{\"@id\":\"https:\/\/lumigny-safari-reserve.com\/en\/le-royaume-des-lions\/#primaryimage\"},\"thumbnailUrl\":\"\",\"datePublished\":\"2024-08-09T15:00:03+00:00\",\"dateModified\":\"2024-08-26T09:19:17+00:00\",\"description\":\"Dormez face aux Lions au Lumigny Safari Reserve. Situ\u00e9 \u00e0 seulement 50 kms de Paris, le Royaume des Lions vous accueille toute l'ann\u00e9e.\",\"breadcrumb\":{\"@id\":\"https:\/\/lumigny-safari-reserve.com\/en\/le-royaume-des-lions\/#breadcrumb\"},\"inLanguage\":\"en-US\",\"potentialAction\":[{\"@type\":\"ReadAction\",\"target\":[\"https:\/\/lumigny-safari-reserve.com\/en\/le-royaume-des-lions\/\"]}]},{\"@type\":\"ImageObject\",\"inLanguage\":\"en-US\",\"@id\":\"https:\/\/lumigny-safari-reserve.com\/en\/le-royaume-des-lions\/#primaryimage\",\"url\":\"\",\"contentUrl\":\"\"},{\"@type\":\"BreadcrumbList\",\"@id\":\"https:\/\/lumigny-safari-reserve.com\/en\/le-royaume-des-lions\/#breadcrumb\",\"itemListElement\":[{\"@type\":\"ListItem\",\"position\":1,\"name\":\"Accueil\",\"item\":\"https:\/\/lumigny-safari-reserve.com\/en\/\"},{\"@type\":\"ListItem\",\"position\":2,\"name\":\"Le Royaume des Lions Hotel\"}]},{\"@type\":\"WebSite\",\"@id\":\"https:\/\/lumigny-safari-reserve.com\/en\/#website\",\"url\":\"https:\/\/lumigny-safari-reserve.com\/en\/\",\"name\":\"Lumigny Safari Reserve\",\"description\":\"\",\"potentialAction\":[{\"@type\":\"SearchAction\",\"target\":{\"@type\":\"EntryPoint\",\"urlTemplate\":\"https:\/\/lumigny-safari-reserve.com\/en\/?s={search_term_string}\"},\"query-input\":{\"@type\":\"PropertyValueSpecification\",\"valueRequired\":true,\"valueName\":\"search_term_string\"}}],\"inLanguage\":\"en-US\"}]}<\/script>\n<!-- \/ Yoast SEO plugin. -->","yoast_head_json":{"title":"Le Royaume des Lions Hotel - Lumigny Safari Reserve","description":"Dormez face aux Lions au Lumigny Safari Reserve. Situ\u00e9 \u00e0 seulement 50 kms de Paris, le Royaume des Lions vous accueille toute l'ann\u00e9e.","robots":{"index":"index","follow":"follow","max-snippet":"max-snippet:-1","max-image-preview":"max-image-preview:large","max-video-preview":"max-video-preview:-1"},"canonical":"https:\/\/lumigny-safari-reserve.com\/en\/le-royaume-des-lions\/","og_locale":"en_US","og_type":"article","og_title":"Le Royaume des Lions Hotel - Lumigny Safari Reserve","og_description":"Dormez face aux Lions au Lumigny Safari Reserve. Situ\u00e9 \u00e0 seulement 50 kms de Paris, le Royaume des Lions vous accueille toute l'ann\u00e9e.","og_url":"https:\/\/lumigny-safari-reserve.com\/en\/le-royaume-des-lions\/","og_site_name":"Lumigny Safari Reserve","article_modified_time":"2024-08-26T09:19:17+00:00","twitter_card":"summary_large_image","schema":{"@context":"https:\/\/schema.org","@graph":[{"@type":"WebPage","@id":"https:\/\/lumigny-safari-reserve.com\/en\/le-royaume-des-lions\/","url":"https:\/\/lumigny-safari-reserve.com\/en\/le-royaume-des-lions\/","name":"Le Royaume des Lions Hotel - Lumigny Safari Reserve","isPartOf":{"@id":"https:\/\/lumigny-safari-reserve.com\/en\/#website"},"primaryImageOfPage":{"@id":"https:\/\/lumigny-safari-reserve.com\/en\/le-royaume-des-lions\/#primaryimage"},"image":{"@id":"https:\/\/lumigny-safari-reserve.com\/en\/le-royaume-des-lions\/#primaryimage"},"thumbnailUrl":"","datePublished":"2024-08-09T15:00:03+00:00","dateModified":"2024-08-26T09:19:17+00:00","description":"Dormez face aux Lions au Lumigny Safari Reserve. Situ\u00e9 \u00e0 seulement 50 kms de Paris, le Royaume des Lions vous accueille toute l'ann\u00e9e.","breadcrumb":{"@id":"https:\/\/lumigny-safari-reserve.com\/en\/le-royaume-des-lions\/#breadcrumb"},"inLanguage":"en-US","potentialAction":[{"@type":"ReadAction","target":["https:\/\/lumigny-safari-reserve.com\/en\/le-royaume-des-lions\/"]}]},{"@type":"ImageObject","inLanguage":"en-US","@id":"https:\/\/lumigny-safari-reserve.com\/en\/le-royaume-des-lions\/#primaryimage","url":"","contentUrl":""},{"@type":"BreadcrumbList","@id":"https:\/\/lumigny-safari-reserve.com\/en\/le-royaume-des-lions\/#breadcrumb","itemListElement":[{"@type":"ListItem","position":1,"name":"Accueil","item":"https:\/\/lumigny-safari-reserve.com\/en\/"},{"@type":"ListItem","position":2,"name":"Le Royaume des Lions Hotel"}]},{"@type":"WebSite","@id":"https:\/\/lumigny-safari-reserve.com\/en\/#website","url":"https:\/\/lumigny-safari-reserve.com\/en\/","name":"Lumigny Safari Reserve","description":"","potentialAction":[{"@type":"SearchAction","target":{"@type":"EntryPoint","urlTemplate":"https:\/\/lumigny-safari-reserve.com\/en\/?s={search_term_string}"},"query-input":{"@type":"PropertyValueSpecification","valueRequired":true,"valueName":"search_term_string"}}],"inLanguage":"en-US"}]}},"_links":{"self":[{"href":"https:\/\/lumigny-safari-reserve.com\/en\/wp-json\/wp\/v2\/pages\/292193","targetHints":{"allow":["GET"]}}],"collection":[{"href":"https:\/\/lumigny-safari-reserve.com\/en\/wp-json\/wp\/v2\/pages"}],"about":[{"href":"https:\/\/lumigny-safari-reserve.com\/en\/wp-json\/wp\/v2\/types\/page"}],"author":[{"embeddable":true,"href":"https:\/\/lumigny-safari-reserve.com\/en\/wp-json\/wp\/v2\/users\/1"}],"replies":[{"embeddable":true,"href":"https:\/\/lumigny-safari-reserve.com\/en\/wp-json\/wp\/v2\/comments?post=292193"}],"version-history":[{"count":4,"href":"https:\/\/lumigny-safari-reserve.com\/en\/wp-json\/wp\/v2\/pages\/292193\/revisions"}],"predecessor-version":[{"id":292199,"href":"https:\/\/lumigny-safari-reserve.com\/en\/wp-json\/wp\/v2\/pages\/292193\/revisions\/292199"}],"wp:featuredmedia":[{"embeddable":true,"href":"https:\/\/lumigny-safari-reserve.com\/en\/wp-json\/"}],"wp:attachment":[{"href":"https:\/\/lumigny-safari-reserve.com\/en\/wp-json\/wp\/v2\/media?parent=292193"}],"curies":[{"name":"wp","href":"https:\/\/api.w.org\/{rel}","templated":true}]}}