{"id":263670,"date":"2024-05-17T13:47:26","date_gmt":"2024-05-17T11:47:26","guid":{"rendered":"https:\/\/lumigny-safari-reserve.com\/internal-rules\/"},"modified":"2024-05-24T16:52:11","modified_gmt":"2024-05-24T14:52:11","slug":"internal-rules","status":"publish","type":"page","link":"https:\/\/lumigny-safari-reserve.com\/en\/internal-rules\/","title":{"rendered":"Internal Rules"},"content":{"rendered":"<p>For the safety and enjoyment of all visitors, it is imperative that they comply with the visiting conditions set out in these rules and regulations.<br \/>\nManagers: M. Jardin Patrick, M. Catinaud J\u00e9r\u00f4me.<br \/>\nBEA contact: Mr Jardin Patrick<\/p>\n<p><strong>Article 1: Field of application<\/strong><br \/>\nEntry to Lumigny Safari R\u00e9serve, whether as a group or as an individual, implies unreserved acceptance of all the provisions of the present regulations.<br \/>\nIn the event of failure to comply with one or more of these regulations, the Management is entitled to ask any offender to leave the park immediately and without compensation.<br \/>\nFurthermore, the park declines all responsibility for any damage whatsoever to property or persons resulting from non-compliance with the present regulations.<\/p>\n<p><strong>Article 2 : Implementation of these regulations<\/strong><br \/>\nThese rules are enforced by park staff, who are empowered to issue instructions to visitors to ensure compliance. In the event of non-compliance with these rules, and in particular where the breaches observed jeopardize the safety of persons and property, park staff will decide whether or not to expel the offender(s).<\/p>\n<p>RULES APPLICABLE TO VISITORS<\/p>\n<p><strong>Article 3 : Circulation<\/strong><br \/>\nWithin the park, visitors are asked to circulate only in the park&#8217;s public walkways. In this respect, visitors are asked to respect access restrictions to areas protected by a fence, barrier, chain, gate or any other protection indicating that the area is not accessible to the public, or marked &#8220;prohibited&#8221; or &#8220;private&#8221;. Visitors are also asked to respect all safety signs.<\/p>\n<p><strong>Article 4 : Children<\/strong><br \/>\nPark management strongly recommends that parents do not leave their children unattended. Failure to do so will invalidate the park&#8217;s liability.<br \/>\nDuring their visit, whether as a family or in a group, children remain under the exclusive care of their parents and\/or guardians, who are asked to ensure continuous supervision.<\/p>\n<p><strong>Article 5 : Outfit and Behaviour<\/strong><br \/>\nVisitors are kindly requested to maintain proper attire throughout their stay in the park: they are also asked to refrain from going bare-chested, and in general, from any form of indecency or public decency.<br \/>\nVisitors must also refrain from disturbing the peace and quiet of other visitors through hostile or excessive behavior. Park staff are responsible for ensuring this, if requested by other visitors.<br \/>\nIt is strictly forbidden for visitors to :<br \/>\nTry to excite or frighten the animals present throughout the park;<br \/>\nFeeding or touching animals in immersion enclosures;<br \/>\nLeave the visitor paths or climb over safety railings;<br \/>\nClimbing or scaling decorations such as statues, rocks, benches, trunks, etc.<br \/>\nDamaging vegetation (leaves, branches, flowers);<br \/>\nThrowing objects on the ground or at animals;<br \/>\nSmoking or vaping inside immersion enclosures;<br \/>\nBringing food or drink into the immersion enclosures;<br \/>\nUse sound-emitting equipment (whistle, radio, loudspeaker, etc.) in the park;<br \/>\nIntroduce balls or other outdoor games;<br \/>\nBring bicycles, scooters, etc. into the park;<br \/>\nMake films or photos for professional use without authorization from the management.<br \/>\nAs Lumigny Safari R\u00e9serve is not a place of worship, prayers are not permitted on the grounds. (parking included)<\/p>\n<p><strong>Article 6 : Animals<\/strong><br \/>\nAccess to the park is forbidden to all pets (dogs, cats, etc.). Guide dogs may only enter the park outside the immersion enclosures (they may not enter the magot enclosure or the psittacine aviary).<\/p>\n<p><strong>Article 7 : Parking<\/strong><br \/>\nParking takes place at the vehicle owner&#8217;s own risk. The park cannot be held responsible for any damage to vehicles for which it is not responsible. The park recommends that visitors check that their vehicles are locked. Visitors are strongly advised not to leave valuables in their vehicles.<\/p>\n<p><strong>Article 8 : SANCTIONS AND CALLS FOR LAW ENFORCEMENT OFFICERS<\/strong><br \/>\nIn the event of non-compliance by the public with the provisions of the internal regulations or emergency plans, the authorized personnel of the establishment may arrange for law enforcement officers to evict the offenders, provided the latter refuse to leave the establishment voluntarily.<\/p>\n<p>(ARTICLE 5 OF THE DECREE OF AUGUST 21, 1978).<\/p>\n<p><strong>Article 9 : PICNICS ARE NOT PERMITTED INSIDE THE PARK<br \/>\n<\/strong>Suitable areas and lawns are provided for this purpose and are accessible from the parking lot.<br \/>\nPlease keep the park clean and do not throw paper or cigarette butts on the ground.<br \/>\nPlease use the garbage cans.<\/p>\n<p><strong>IN CASE OF EMERGENCY<\/strong><br \/>\n1) Dial the direct phone number of the park<br \/>\nWith a foreign French GSM 01.64.51.33.30<br \/>\nWith a foreign GSM + 33 1.64.51.33.30<br \/>\n2) Give your location in the park<br \/>\n(The closest enclosure name or Map number in the right upper corner)<br \/>\n3) Explain the reason of your call<\/p>\n","protected":false},"excerpt":{"rendered":"<p>For the safety and enjoyment of all visitors, it is imperative that they comply with the visiting conditions set out in these rules and regulations. Managers: M. Jardin Patrick, M. Catinaud J\u00e9r\u00f4me. BEA contact: Mr Jardin Patrick Article 1: Field of application Entry to Lumigny Safari R\u00e9serve, whether as a group or as an individual, [&hellip;]<\/p>\n","protected":false},"author":8,"featured_media":990,"parent":0,"menu_order":0,"comment_status":"closed","ping_status":"closed","template":"","meta":{"_acf_changed":false,"inline_featured_image":false,"footnotes":""},"class_list":["post-263670","page","type-page","status-publish","has-post-thumbnail","hentry"],"acf":[],"yoast_head":"<!-- This site is optimized with the Yoast SEO plugin v26.6 - https:\/\/yoast.com\/wordpress\/plugins\/seo\/ -->\n<title>Internal Rules - Lumigny Safari Reserve<\/title>\n<meta name=\"robots\" content=\"index, follow, max-snippet:-1, max-image-preview:large, max-video-preview:-1\" \/>\n<link rel=\"canonical\" href=\"https:\/\/lumigny-safari-reserve.com\/en\/internal-rules\/\" \/>\n<meta property=\"og:locale\" content=\"en_US\" \/>\n<meta property=\"og:type\" content=\"article\" \/>\n<meta property=\"og:title\" content=\"Internal Rules - Lumigny Safari Reserve\" \/>\n<meta property=\"og:description\" content=\"For the safety and enjoyment of all visitors, it is imperative that they comply with the visiting conditions set out in these rules and regulations. Managers: M. Jardin Patrick, M. Catinaud J\u00e9r\u00f4me. BEA contact: Mr Jardin Patrick Article 1: Field of application Entry to Lumigny Safari R\u00e9serve, whether as a group or as an individual, [&hellip;]\" \/>\n<meta property=\"og:url\" content=\"https:\/\/lumigny-safari-reserve.com\/en\/internal-rules\/\" \/>\n<meta property=\"og:site_name\" content=\"Lumigny Safari Reserve\" \/>\n<meta property=\"article:modified_time\" content=\"2024-05-24T14:52:11+00:00\" \/>\n<meta name=\"twitter:card\" content=\"summary_large_image\" \/>\n<meta name=\"twitter:label1\" content=\"Est. reading time\" \/>\n\t<meta name=\"twitter:data1\" content=\"4 minutes\" \/>\n<script type=\"application\/ld+json\" class=\"yoast-schema-graph\">{\"@context\":\"https:\/\/schema.org\",\"@graph\":[{\"@type\":\"WebPage\",\"@id\":\"https:\/\/lumigny-safari-reserve.com\/en\/internal-rules\/\",\"url\":\"https:\/\/lumigny-safari-reserve.com\/en\/internal-rules\/\",\"name\":\"Internal Rules - Lumigny Safari Reserve\",\"isPartOf\":{\"@id\":\"https:\/\/lumigny-safari-reserve.com\/en\/#website\"},\"primaryImageOfPage\":{\"@id\":\"https:\/\/lumigny-safari-reserve.com\/en\/internal-rules\/#primaryimage\"},\"image\":{\"@id\":\"https:\/\/lumigny-safari-reserve.com\/en\/internal-rules\/#primaryimage\"},\"thumbnailUrl\":\"\",\"datePublished\":\"2024-05-17T11:47:26+00:00\",\"dateModified\":\"2024-05-24T14:52:11+00:00\",\"breadcrumb\":{\"@id\":\"https:\/\/lumigny-safari-reserve.com\/en\/internal-rules\/#breadcrumb\"},\"inLanguage\":\"en-US\",\"potentialAction\":[{\"@type\":\"ReadAction\",\"target\":[\"https:\/\/lumigny-safari-reserve.com\/en\/internal-rules\/\"]}]},{\"@type\":\"ImageObject\",\"inLanguage\":\"en-US\",\"@id\":\"https:\/\/lumigny-safari-reserve.com\/en\/internal-rules\/#primaryimage\",\"url\":\"\",\"contentUrl\":\"\"},{\"@type\":\"BreadcrumbList\",\"@id\":\"https:\/\/lumigny-safari-reserve.com\/en\/internal-rules\/#breadcrumb\",\"itemListElement\":[{\"@type\":\"ListItem\",\"position\":1,\"name\":\"Accueil\",\"item\":\"https:\/\/lumigny-safari-reserve.com\/en\/\"},{\"@type\":\"ListItem\",\"position\":2,\"name\":\"Internal Rules\"}]},{\"@type\":\"WebSite\",\"@id\":\"https:\/\/lumigny-safari-reserve.com\/en\/#website\",\"url\":\"https:\/\/lumigny-safari-reserve.com\/en\/\",\"name\":\"Lumigny Safari Reserve\",\"description\":\"\",\"potentialAction\":[{\"@type\":\"SearchAction\",\"target\":{\"@type\":\"EntryPoint\",\"urlTemplate\":\"https:\/\/lumigny-safari-reserve.com\/en\/?s={search_term_string}\"},\"query-input\":{\"@type\":\"PropertyValueSpecification\",\"valueRequired\":true,\"valueName\":\"search_term_string\"}}],\"inLanguage\":\"en-US\"}]}<\/script>\n<!-- \/ Yoast SEO plugin. -->","yoast_head_json":{"title":"Internal Rules - Lumigny Safari Reserve","robots":{"index":"index","follow":"follow","max-snippet":"max-snippet:-1","max-image-preview":"max-image-preview:large","max-video-preview":"max-video-preview:-1"},"canonical":"https:\/\/lumigny-safari-reserve.com\/en\/internal-rules\/","og_locale":"en_US","og_type":"article","og_title":"Internal Rules - Lumigny Safari Reserve","og_description":"For the safety and enjoyment of all visitors, it is imperative that they comply with the visiting conditions set out in these rules and regulations. Managers: M. Jardin Patrick, M. Catinaud J\u00e9r\u00f4me. BEA contact: Mr Jardin Patrick Article 1: Field of application Entry to Lumigny Safari R\u00e9serve, whether as a group or as an individual, [&hellip;]","og_url":"https:\/\/lumigny-safari-reserve.com\/en\/internal-rules\/","og_site_name":"Lumigny Safari Reserve","article_modified_time":"2024-05-24T14:52:11+00:00","twitter_card":"summary_large_image","twitter_misc":{"Est. reading time":"4 minutes"},"schema":{"@context":"https:\/\/schema.org","@graph":[{"@type":"WebPage","@id":"https:\/\/lumigny-safari-reserve.com\/en\/internal-rules\/","url":"https:\/\/lumigny-safari-reserve.com\/en\/internal-rules\/","name":"Internal Rules - Lumigny Safari Reserve","isPartOf":{"@id":"https:\/\/lumigny-safari-reserve.com\/en\/#website"},"primaryImageOfPage":{"@id":"https:\/\/lumigny-safari-reserve.com\/en\/internal-rules\/#primaryimage"},"image":{"@id":"https:\/\/lumigny-safari-reserve.com\/en\/internal-rules\/#primaryimage"},"thumbnailUrl":"","datePublished":"2024-05-17T11:47:26+00:00","dateModified":"2024-05-24T14:52:11+00:00","breadcrumb":{"@id":"https:\/\/lumigny-safari-reserve.com\/en\/internal-rules\/#breadcrumb"},"inLanguage":"en-US","potentialAction":[{"@type":"ReadAction","target":["https:\/\/lumigny-safari-reserve.com\/en\/internal-rules\/"]}]},{"@type":"ImageObject","inLanguage":"en-US","@id":"https:\/\/lumigny-safari-reserve.com\/en\/internal-rules\/#primaryimage","url":"","contentUrl":""},{"@type":"BreadcrumbList","@id":"https:\/\/lumigny-safari-reserve.com\/en\/internal-rules\/#breadcrumb","itemListElement":[{"@type":"ListItem","position":1,"name":"Accueil","item":"https:\/\/lumigny-safari-reserve.com\/en\/"},{"@type":"ListItem","position":2,"name":"Internal Rules"}]},{"@type":"WebSite","@id":"https:\/\/lumigny-safari-reserve.com\/en\/#website","url":"https:\/\/lumigny-safari-reserve.com\/en\/","name":"Lumigny Safari Reserve","description":"","potentialAction":[{"@type":"SearchAction","target":{"@type":"EntryPoint","urlTemplate":"https:\/\/lumigny-safari-reserve.com\/en\/?s={search_term_string}"},"query-input":{"@type":"PropertyValueSpecification","valueRequired":true,"valueName":"search_term_string"}}],"inLanguage":"en-US"}]}},"_links":{"self":[{"href":"https:\/\/lumigny-safari-reserve.com\/en\/wp-json\/wp\/v2\/pages\/263670","targetHints":{"allow":["GET"]}}],"collection":[{"href":"https:\/\/lumigny-safari-reserve.com\/en\/wp-json\/wp\/v2\/pages"}],"about":[{"href":"https:\/\/lumigny-safari-reserve.com\/en\/wp-json\/wp\/v2\/types\/page"}],"author":[{"embeddable":true,"href":"https:\/\/lumigny-safari-reserve.com\/en\/wp-json\/wp\/v2\/users\/8"}],"replies":[{"embeddable":true,"href":"https:\/\/lumigny-safari-reserve.com\/en\/wp-json\/wp\/v2\/comments?post=263670"}],"version-history":[{"count":1,"href":"https:\/\/lumigny-safari-reserve.com\/en\/wp-json\/wp\/v2\/pages\/263670\/revisions"}],"predecessor-version":[{"id":264974,"href":"https:\/\/lumigny-safari-reserve.com\/en\/wp-json\/wp\/v2\/pages\/263670\/revisions\/264974"}],"wp:featuredmedia":[{"embeddable":true,"href":"https:\/\/lumigny-safari-reserve.com\/en\/wp-json\/"}],"wp:attachment":[{"href":"https:\/\/lumigny-safari-reserve.com\/en\/wp-json\/wp\/v2\/media?parent=263670"}],"curies":[{"name":"wp","href":"https:\/\/api.w.org\/{rel}","templated":true}]}}