{"id":251833,"date":"2024-04-20T14:20:45","date_gmt":"2024-04-20T12:20:45","guid":{"rendered":"https:\/\/lumigny-safari-reserve.com\/bsc-pre-registration\/"},"modified":"2025-02-03T15:08:21","modified_gmt":"2025-02-03T14:08:21","slug":"bsc-pre-registration","status":"publish","type":"page","link":"https:\/\/lumigny-safari-reserve.com\/en\/bsc-pre-registration\/","title":{"rendered":"BSC pre-registration"},"content":{"rendered":"<p>To create your B.S.C account and access online ticketing, please complete the form below.<\/p>\n<p>I already have a BSC account (or similar) : <a class=\"db\" href=\"https:\/\/lumigny-safari-reserve.qweekle.com\/shop\/lumigny-safari-reserve\/member\/login?lang=fr\">access to my account<\/a><\/p>\n\n<div class=\"wpcf7 no-js\" id=\"wpcf7-f168471-o1\" lang=\"fr-FR\" dir=\"ltr\" data-wpcf7-id=\"168471\">\n<div class=\"screen-reader-response\"><p role=\"status\" aria-live=\"polite\" aria-atomic=\"true\"><\/p> <ul><\/ul><\/div>\n<form action=\"\/en\/wp-json\/wp\/v2\/pages\/251833#wpcf7-f168471-o1\" method=\"post\" class=\"wpcf7-form init\" aria-label=\"Formulaire de contact\" novalidate=\"novalidate\" data-status=\"init\">\n<fieldset class=\"hidden-fields-container\"><input type=\"hidden\" name=\"_wpcf7\" value=\"168471\" \/><input type=\"hidden\" name=\"_wpcf7_version\" value=\"6.1.4\" \/><input type=\"hidden\" name=\"_wpcf7_locale\" value=\"fr_FR\" \/><input type=\"hidden\" name=\"_wpcf7_unit_tag\" value=\"wpcf7-f168471-o1\" \/><input type=\"hidden\" name=\"_wpcf7_container_post\" value=\"0\" \/><input type=\"hidden\" name=\"_wpcf7_posted_data_hash\" value=\"\" \/><input type=\"hidden\" name=\"_wpcf7_recaptcha_response\" value=\"\" \/>\n<\/fieldset>\n<div id=\"form_wrapper\">\n<div><label>Nom du CE *<\/label><div class=\"form-group your-ce-name\"><input class=\"wpcf7-form-control wpcf7-text wpcf7-validates-as-required form-control\" name=\"your-ce-name\" type=\"text\" value=\"\" aria-invalid=\"false\" aria-required=\"true\" required><\/div><\/div>\n<div><label>Nom du contact *<\/label><div class=\"form-group your-contact-name\"><input class=\"wpcf7-form-control wpcf7-text wpcf7-validates-as-required form-control\" name=\"your-contact-name\" type=\"text\" value=\"\" aria-invalid=\"false\" aria-required=\"true\" required><\/div><\/div>\n<div><label>Pr\u00e9nom du contact *<\/label><div class=\"form-group your-contact-namebis\"><input class=\"wpcf7-form-control wpcf7-text wpcf7-validates-as-required form-control\" name=\"your-contact-namebis\" type=\"text\" value=\"\" aria-invalid=\"false\" aria-required=\"true\" required><\/div><\/div>\n<div><label>Email du contact *<\/label><div class=\"form-group your-contact-email\"><input class=\"wpcf7-form-control wpcf7-email wpcf7-validates-as-required wpcf7-text wpcf7-validates-as-email form-control\" name=\"your-contact-email\" type=\"email\" value=\"\" aria-invalid=\"false\" aria-required=\"true\" required><\/div><\/div>\n<div><label>Num\u00e9ro de t\u00e9l\u00e9phone<\/label><div class=\"form-group your-phone-number\"><input class=\"wpcf7-form-control wpcf7-tel wpcf7-text wpcf7-validates-as-tel form-control\" name=\"your-phone-number\" type=\"tel\" value=\"\" aria-invalid=\"false\"><\/div><\/div>\n<div><label>Adresse postale *<\/label><div class=\"form-group your-postal-address\"><input class=\"wpcf7-form-control wpcf7-text wpcf7-validates-as-required form-control\" name=\"your-postal-address\" type=\"text\" value=\"\" aria-invalid=\"false\" aria-required=\"true\" required><\/div><\/div>\n<div><label>Ville *<\/label><div class=\"form-group your-city\"><input class=\"wpcf7-form-control wpcf7-text wpcf7-validates-as-required form-control\" name=\"your-city\" type=\"text\" value=\"\" aria-invalid=\"false\" aria-required=\"true\" required><\/div><\/div>\n<div><label>Code postal *<\/label><div class=\"form-group your-postcode\"><input class=\"wpcf7-form-control wpcf7-text wpcf7-validates-as-required form-control\" name=\"your-postcode\" type=\"text\" value=\"\" aria-invalid=\"false\" aria-required=\"true\" required><\/div><\/div>\n<div><label>Pays (code \u00e0 2 lettres) *<\/label><div class=\"form-group your-country\"><input class=\"wpcf7-form-control wpcf7-text wpcf7-validates-as-required form-control\" name=\"your-country\" type=\"text\" value=\"FR\" aria-invalid=\"false\" aria-required=\"true\" required><\/div><\/div>\n\n<div><div class=\"form-group\"><div><input class=\"wpcf7-form-control wpcf7-submit btn btn-primary\" type=\"submit\" value=\"Envoyer\"><\/div><\/div><\/div>\n<div><p class=\"lgd\">\n\nApr\u00e8s avoir compl\u00e9t\u00e9 et envoy\u00e9 ce formulaire, merci d'envoyer vos justificatifs par mail <a href=\"mailto:commercial@lumigny-safari-reserve.com\" target=\"_blank\" rel=\"noopener\"><u>en cliquant ici.<\/u><\/a>\n<br> <br>\nLumigny Safari R\u00e9serve met en \u0153uvre un traitement informatique de donn\u00e9es \u00e0 caract\u00e8re personnel destin\u00e9 \u00e0 r\u00e9pondre \u00e0 votre demande. Conform\u00e9ment \u00e0 la loi \u00ab informatique et libert\u00e9s \u00bb du 6 janvier 1978 modifi\u00e9e en 2004, vous b\u00e9n\u00e9ficiez d\u2019un droit d\u2019acc\u00e8s et de rectification aux informations qui vous concernent, que vous pouvez exercer en vous adressant \u00e0 l'adresse Lumigny Safari Reserve La Fortelle 77540 Lumigny-Nesles-Ormeaux ou par ce formulaire de contact.\n\nVous pouvez \u00e9galement, pour des motifs l\u00e9gitimes, vous opposer au traitement des donn\u00e9es vous concernant.<\/p><\/div>\n<\/div><p style=\"display: none !important;\" class=\"akismet-fields-container\" data-prefix=\"_wpcf7_ak_\"><label>&#916;<textarea name=\"_wpcf7_ak_hp_textarea\" cols=\"45\" rows=\"8\" maxlength=\"100\"><\/textarea><\/label><input type=\"hidden\" id=\"ak_js_1\" name=\"_wpcf7_ak_js\" value=\"18\"\/><script>document.getElementById( \"ak_js_1\" ).setAttribute( \"value\", ( new Date() ).getTime() );<\/script><\/p><div class=\"wpcf7-response-output alert alert-warning\"><\/div>\n<\/form>\n<\/div>\n\n","protected":false},"excerpt":{"rendered":"<p>To create your B.S.C account and access online ticketing, please complete the form below. I already have a BSC account (or similar) : access to my account<\/p>\n","protected":false},"author":12,"featured_media":990,"parent":0,"menu_order":0,"comment_status":"closed","ping_status":"closed","template":"","meta":{"_acf_changed":false,"inline_featured_image":false,"footnotes":""},"class_list":["post-251833","page","type-page","status-publish","has-post-thumbnail","hentry"],"acf":[],"yoast_head":"<!-- This site is optimized with the Yoast SEO plugin v26.6 - https:\/\/yoast.com\/wordpress\/plugins\/seo\/ -->\n<title>BSC pre-registration - Lumigny Safari Reserve<\/title>\n<meta name=\"robots\" content=\"index, follow, max-snippet:-1, max-image-preview:large, max-video-preview:-1\" \/>\n<link rel=\"canonical\" href=\"https:\/\/lumigny-safari-reserve.com\/en\/bsc-pre-registration\/\" \/>\n<meta property=\"og:locale\" content=\"en_US\" \/>\n<meta property=\"og:type\" content=\"article\" \/>\n<meta property=\"og:title\" content=\"BSC pre-registration - Lumigny Safari Reserve\" \/>\n<meta property=\"og:description\" content=\"To create your B.S.C account and access online ticketing, please complete the form below. I already have a BSC account (or similar) : access to my account\" \/>\n<meta property=\"og:url\" content=\"https:\/\/lumigny-safari-reserve.com\/en\/bsc-pre-registration\/\" \/>\n<meta property=\"og:site_name\" content=\"Lumigny Safari Reserve\" \/>\n<meta property=\"article:modified_time\" content=\"2025-02-03T14:08:21+00:00\" \/>\n<meta name=\"twitter:card\" content=\"summary_large_image\" \/>\n<meta name=\"twitter:label1\" content=\"Est. reading time\" \/>\n\t<meta name=\"twitter:data1\" content=\"1 minute\" \/>\n<script type=\"application\/ld+json\" class=\"yoast-schema-graph\">{\"@context\":\"https:\/\/schema.org\",\"@graph\":[{\"@type\":\"WebPage\",\"@id\":\"https:\/\/lumigny-safari-reserve.com\/en\/bsc-pre-registration\/\",\"url\":\"https:\/\/lumigny-safari-reserve.com\/en\/bsc-pre-registration\/\",\"name\":\"BSC pre-registration - Lumigny Safari Reserve\",\"isPartOf\":{\"@id\":\"https:\/\/lumigny-safari-reserve.com\/en\/#website\"},\"primaryImageOfPage\":{\"@id\":\"https:\/\/lumigny-safari-reserve.com\/en\/bsc-pre-registration\/#primaryimage\"},\"image\":{\"@id\":\"https:\/\/lumigny-safari-reserve.com\/en\/bsc-pre-registration\/#primaryimage\"},\"thumbnailUrl\":\"\",\"datePublished\":\"2024-04-20T12:20:45+00:00\",\"dateModified\":\"2025-02-03T14:08:21+00:00\",\"breadcrumb\":{\"@id\":\"https:\/\/lumigny-safari-reserve.com\/en\/bsc-pre-registration\/#breadcrumb\"},\"inLanguage\":\"en-US\",\"potentialAction\":[{\"@type\":\"ReadAction\",\"target\":[\"https:\/\/lumigny-safari-reserve.com\/en\/bsc-pre-registration\/\"]}]},{\"@type\":\"ImageObject\",\"inLanguage\":\"en-US\",\"@id\":\"https:\/\/lumigny-safari-reserve.com\/en\/bsc-pre-registration\/#primaryimage\",\"url\":\"\",\"contentUrl\":\"\"},{\"@type\":\"BreadcrumbList\",\"@id\":\"https:\/\/lumigny-safari-reserve.com\/en\/bsc-pre-registration\/#breadcrumb\",\"itemListElement\":[{\"@type\":\"ListItem\",\"position\":1,\"name\":\"Accueil\",\"item\":\"https:\/\/lumigny-safari-reserve.com\/en\/\"},{\"@type\":\"ListItem\",\"position\":2,\"name\":\"BSC pre-registration\"}]},{\"@type\":\"WebSite\",\"@id\":\"https:\/\/lumigny-safari-reserve.com\/en\/#website\",\"url\":\"https:\/\/lumigny-safari-reserve.com\/en\/\",\"name\":\"Lumigny Safari Reserve\",\"description\":\"\",\"potentialAction\":[{\"@type\":\"SearchAction\",\"target\":{\"@type\":\"EntryPoint\",\"urlTemplate\":\"https:\/\/lumigny-safari-reserve.com\/en\/?s={search_term_string}\"},\"query-input\":{\"@type\":\"PropertyValueSpecification\",\"valueRequired\":true,\"valueName\":\"search_term_string\"}}],\"inLanguage\":\"en-US\"}]}<\/script>\n<!-- \/ Yoast SEO plugin. -->","yoast_head_json":{"title":"BSC pre-registration - Lumigny Safari Reserve","robots":{"index":"index","follow":"follow","max-snippet":"max-snippet:-1","max-image-preview":"max-image-preview:large","max-video-preview":"max-video-preview:-1"},"canonical":"https:\/\/lumigny-safari-reserve.com\/en\/bsc-pre-registration\/","og_locale":"en_US","og_type":"article","og_title":"BSC pre-registration - Lumigny Safari Reserve","og_description":"To create your B.S.C account and access online ticketing, please complete the form below. I already have a BSC account (or similar) : access to my account","og_url":"https:\/\/lumigny-safari-reserve.com\/en\/bsc-pre-registration\/","og_site_name":"Lumigny Safari Reserve","article_modified_time":"2025-02-03T14:08:21+00:00","twitter_card":"summary_large_image","twitter_misc":{"Est. reading time":"1 minute"},"schema":{"@context":"https:\/\/schema.org","@graph":[{"@type":"WebPage","@id":"https:\/\/lumigny-safari-reserve.com\/en\/bsc-pre-registration\/","url":"https:\/\/lumigny-safari-reserve.com\/en\/bsc-pre-registration\/","name":"BSC pre-registration - Lumigny Safari Reserve","isPartOf":{"@id":"https:\/\/lumigny-safari-reserve.com\/en\/#website"},"primaryImageOfPage":{"@id":"https:\/\/lumigny-safari-reserve.com\/en\/bsc-pre-registration\/#primaryimage"},"image":{"@id":"https:\/\/lumigny-safari-reserve.com\/en\/bsc-pre-registration\/#primaryimage"},"thumbnailUrl":"","datePublished":"2024-04-20T12:20:45+00:00","dateModified":"2025-02-03T14:08:21+00:00","breadcrumb":{"@id":"https:\/\/lumigny-safari-reserve.com\/en\/bsc-pre-registration\/#breadcrumb"},"inLanguage":"en-US","potentialAction":[{"@type":"ReadAction","target":["https:\/\/lumigny-safari-reserve.com\/en\/bsc-pre-registration\/"]}]},{"@type":"ImageObject","inLanguage":"en-US","@id":"https:\/\/lumigny-safari-reserve.com\/en\/bsc-pre-registration\/#primaryimage","url":"","contentUrl":""},{"@type":"BreadcrumbList","@id":"https:\/\/lumigny-safari-reserve.com\/en\/bsc-pre-registration\/#breadcrumb","itemListElement":[{"@type":"ListItem","position":1,"name":"Accueil","item":"https:\/\/lumigny-safari-reserve.com\/en\/"},{"@type":"ListItem","position":2,"name":"BSC pre-registration"}]},{"@type":"WebSite","@id":"https:\/\/lumigny-safari-reserve.com\/en\/#website","url":"https:\/\/lumigny-safari-reserve.com\/en\/","name":"Lumigny Safari Reserve","description":"","potentialAction":[{"@type":"SearchAction","target":{"@type":"EntryPoint","urlTemplate":"https:\/\/lumigny-safari-reserve.com\/en\/?s={search_term_string}"},"query-input":{"@type":"PropertyValueSpecification","valueRequired":true,"valueName":"search_term_string"}}],"inLanguage":"en-US"}]}},"_links":{"self":[{"href":"https:\/\/lumigny-safari-reserve.com\/en\/wp-json\/wp\/v2\/pages\/251833","targetHints":{"allow":["GET"]}}],"collection":[{"href":"https:\/\/lumigny-safari-reserve.com\/en\/wp-json\/wp\/v2\/pages"}],"about":[{"href":"https:\/\/lumigny-safari-reserve.com\/en\/wp-json\/wp\/v2\/types\/page"}],"author":[{"embeddable":true,"href":"https:\/\/lumigny-safari-reserve.com\/en\/wp-json\/wp\/v2\/users\/12"}],"replies":[{"embeddable":true,"href":"https:\/\/lumigny-safari-reserve.com\/en\/wp-json\/wp\/v2\/comments?post=251833"}],"version-history":[{"count":3,"href":"https:\/\/lumigny-safari-reserve.com\/en\/wp-json\/wp\/v2\/pages\/251833\/revisions"}],"predecessor-version":[{"id":310921,"href":"https:\/\/lumigny-safari-reserve.com\/en\/wp-json\/wp\/v2\/pages\/251833\/revisions\/310921"}],"wp:featuredmedia":[{"embeddable":true,"href":"https:\/\/lumigny-safari-reserve.com\/en\/wp-json\/"}],"wp:attachment":[{"href":"https:\/\/lumigny-safari-reserve.com\/en\/wp-json\/wp\/v2\/media?parent=251833"}],"curies":[{"name":"wp","href":"https:\/\/api.w.org\/{rel}","templated":true}]}}