{"id":248269,"date":"2024-04-12T16:27:33","date_gmt":"2024-04-12T14:27:33","guid":{"rendered":"https:\/\/lumigny-safari-reserve.com\/contact-us\/"},"modified":"2024-05-25T14:13:17","modified_gmt":"2024-05-25T12:13:17","slug":"contact-us","status":"publish","type":"page","link":"https:\/\/lumigny-safari-reserve.com\/en\/contact-us\/","title":{"rendered":"Contact us"},"content":{"rendered":"<h2>Write us<\/h2>\n\n<div class=\"wpcf7 no-js\" id=\"wpcf7-f6-o1\" lang=\"fr-FR\" dir=\"ltr\" data-wpcf7-id=\"6\">\n<div class=\"screen-reader-response\"><p role=\"status\" aria-live=\"polite\" aria-atomic=\"true\"><\/p> <ul><\/ul><\/div>\n<form action=\"\/en\/wp-json\/wp\/v2\/pages\/248269#wpcf7-f6-o1\" method=\"post\" class=\"wpcf7-form init\" aria-label=\"Formulaire de contact\" novalidate=\"novalidate\" data-status=\"init\">\n<fieldset class=\"hidden-fields-container\"><input type=\"hidden\" name=\"_wpcf7\" value=\"6\" \/><input type=\"hidden\" name=\"_wpcf7_version\" value=\"6.1.4\" \/><input type=\"hidden\" name=\"_wpcf7_locale\" value=\"fr_FR\" \/><input type=\"hidden\" name=\"_wpcf7_unit_tag\" value=\"wpcf7-f6-o1\" \/><input type=\"hidden\" name=\"_wpcf7_container_post\" value=\"0\" \/><input type=\"hidden\" name=\"_wpcf7_posted_data_hash\" value=\"\" \/><input type=\"hidden\" name=\"_wpcf7_recaptcha_response\" value=\"\" \/>\n<\/fieldset>\n<div id=\"form_wrapper\">\n<div><label>Nom *<\/label><div class=\"form-group your-name\"><input class=\"wpcf7-form-control wpcf7-text wpcf7-validates-as-required form-control\" name=\"your-name\" type=\"text\" value=\"\" aria-invalid=\"false\" aria-required=\"true\" required><\/div><\/div>\n<div><label>Pr\u00e9nom*<\/label><div class=\"form-group your-namebis\"><input class=\"wpcf7-form-control wpcf7-text wpcf7-validates-as-required form-control\" name=\"your-namebis\" type=\"text\" value=\"\" aria-invalid=\"false\" aria-required=\"true\" required><\/div><\/div>\n<div><label>Email *<\/label><div class=\"form-group your-email\"><input class=\"wpcf7-form-control wpcf7-email wpcf7-validates-as-required wpcf7-text wpcf7-validates-as-email form-control\" name=\"your-email\" type=\"email\" value=\"\" aria-invalid=\"false\" aria-required=\"true\" required><\/div><\/div>\n<div><label>Message*<\/label><div class=\"form-group your-message\"><textarea class=\"wpcf7-form-control wpcf7-textarea wpcf7-validates-as-required form-control\" name=\"your-message\" rows=\"4\" aria-invalid=\"false\" aria-required=\"true\" required><\/textarea><\/div><\/div>\n\n<div><div class=\"form-group\"><div><input class=\"wpcf7-form-control wpcf7-submit btn btn-primary\" type=\"submit\" value=\"Envoyer\"><\/div><\/div><span class=\"ajax-loader\"><\/span><\/div>\n<div><p class=\"lgd\">Lumigny Safari Reserve met en \u0153uvre un traitement informatique de donn\u00e9es \u00e0 caract\u00e8re personnel destin\u00e9 \u00e0 r\u00e9pondre \u00e0 votre demande. Conform\u00e9ment \u00e0 la loi \u00ab informatique et libert\u00e9s \u00bb du 6 janvier 1978 modifi\u00e9e en 2004, vous b\u00e9n\u00e9ficiez d\u2019un droit d\u2019acc\u00e8s et de rectification aux informations qui vous concernent, que vous pouvez exercer en vous adressant \u00e0 l'adresse Lumigny Safari Reserve La Fortelle 77540 Lumigny-Nesles-Ormeaux ou par ce formulaire de contact.\n\nVous pouvez \u00e9galement, pour des motifs l\u00e9gitimes, vous opposer au traitement des donn\u00e9es vous concernant.<\/p><\/div>\n<\/div><p style=\"display: none !important;\" class=\"akismet-fields-container\" data-prefix=\"_wpcf7_ak_\"><label>&#916;<textarea name=\"_wpcf7_ak_hp_textarea\" cols=\"45\" rows=\"8\" maxlength=\"100\"><\/textarea><\/label><input type=\"hidden\" id=\"ak_js_1\" name=\"_wpcf7_ak_js\" value=\"52\"\/><script>document.getElementById( \"ak_js_1\" ).setAttribute( \"value\", ( new Date() ).getTime() );<\/script><\/p><div class=\"wpcf7-response-output alert alert-warning\"><\/div>\n<\/form>\n<\/div>\n\n","protected":false},"excerpt":{"rendered":"<p>Write us<\/p>\n","protected":false},"author":1,"featured_media":320239,"parent":0,"menu_order":60,"comment_status":"closed","ping_status":"closed","template":"model-contact.php","meta":{"_acf_changed":false,"inline_featured_image":false,"footnotes":""},"class_list":["post-248269","page","type-page","status-publish","has-post-thumbnail","hentry"],"acf":[],"yoast_head":"<!-- This site is optimized with the Yoast SEO plugin v26.6 - https:\/\/yoast.com\/wordpress\/plugins\/seo\/ -->\n<title>Contact us - Lumigny Safari Reserve<\/title>\n<meta name=\"robots\" content=\"index, follow, max-snippet:-1, max-image-preview:large, max-video-preview:-1\" \/>\n<link rel=\"canonical\" href=\"https:\/\/lumigny-safari-reserve.com\/en\/contact-us\/\" \/>\n<meta property=\"og:locale\" content=\"en_US\" \/>\n<meta property=\"og:type\" content=\"article\" \/>\n<meta property=\"og:title\" content=\"Contact us - Lumigny Safari Reserve\" \/>\n<meta property=\"og:description\" content=\"Write us\" \/>\n<meta property=\"og:url\" content=\"https:\/\/lumigny-safari-reserve.com\/en\/contact-us\/\" \/>\n<meta property=\"og:site_name\" content=\"Lumigny Safari Reserve\" \/>\n<meta property=\"article:modified_time\" content=\"2024-05-25T12:13:17+00:00\" \/>\n<meta property=\"og:image\" content=\"https:\/\/lumigny-safari-reserve.com\/wp-content\/uploads\/2024\/01\/contact.jpg\" \/>\n\t<meta property=\"og:image:width\" content=\"1280\" \/>\n\t<meta property=\"og:image:height\" content=\"1300\" \/>\n\t<meta property=\"og:image:type\" content=\"image\/jpeg\" \/>\n<meta name=\"twitter:card\" content=\"summary_large_image\" \/>\n<meta name=\"twitter:label1\" content=\"Est. reading time\" \/>\n\t<meta name=\"twitter:data1\" content=\"1 minute\" \/>\n<script type=\"application\/ld+json\" class=\"yoast-schema-graph\">{\"@context\":\"https:\/\/schema.org\",\"@graph\":[{\"@type\":\"WebPage\",\"@id\":\"https:\/\/lumigny-safari-reserve.com\/en\/contact-us\/\",\"url\":\"https:\/\/lumigny-safari-reserve.com\/en\/contact-us\/\",\"name\":\"Contact us - Lumigny Safari Reserve\",\"isPartOf\":{\"@id\":\"https:\/\/lumigny-safari-reserve.com\/en\/#website\"},\"primaryImageOfPage\":{\"@id\":\"https:\/\/lumigny-safari-reserve.com\/en\/contact-us\/#primaryimage\"},\"image\":{\"@id\":\"https:\/\/lumigny-safari-reserve.com\/en\/contact-us\/#primaryimage\"},\"thumbnailUrl\":\"https:\/\/lumigny-safari-reserve.com\/wp-content\/uploads\/2025\/04\/lions-contact.webp\",\"datePublished\":\"2024-04-12T14:27:33+00:00\",\"dateModified\":\"2024-05-25T12:13:17+00:00\",\"breadcrumb\":{\"@id\":\"https:\/\/lumigny-safari-reserve.com\/en\/contact-us\/#breadcrumb\"},\"inLanguage\":\"en-US\",\"potentialAction\":[{\"@type\":\"ReadAction\",\"target\":[\"https:\/\/lumigny-safari-reserve.com\/en\/contact-us\/\"]}]},{\"@type\":\"ImageObject\",\"inLanguage\":\"en-US\",\"@id\":\"https:\/\/lumigny-safari-reserve.com\/en\/contact-us\/#primaryimage\",\"url\":\"https:\/\/lumigny-safari-reserve.com\/wp-content\/uploads\/2025\/04\/lions-contact.webp\",\"contentUrl\":\"https:\/\/lumigny-safari-reserve.com\/wp-content\/uploads\/2025\/04\/lions-contact.webp\",\"width\":800,\"height\":450,\"caption\":\"Famille de lions au repos \u00e0 la Safari R\u00e9serve de Lumigny, situ\u00e9e en Seine-et-Marne (77), \u00e0 proximit\u00e9 de Provins en \u00cele-de-France \u2013 photo illustrant la page contact.\"},{\"@type\":\"BreadcrumbList\",\"@id\":\"https:\/\/lumigny-safari-reserve.com\/en\/contact-us\/#breadcrumb\",\"itemListElement\":[{\"@type\":\"ListItem\",\"position\":1,\"name\":\"Accueil\",\"item\":\"https:\/\/lumigny-safari-reserve.com\/en\/\"},{\"@type\":\"ListItem\",\"position\":2,\"name\":\"Contact us\"}]},{\"@type\":\"WebSite\",\"@id\":\"https:\/\/lumigny-safari-reserve.com\/en\/#website\",\"url\":\"https:\/\/lumigny-safari-reserve.com\/en\/\",\"name\":\"Lumigny Safari Reserve\",\"description\":\"\",\"potentialAction\":[{\"@type\":\"SearchAction\",\"target\":{\"@type\":\"EntryPoint\",\"urlTemplate\":\"https:\/\/lumigny-safari-reserve.com\/en\/?s={search_term_string}\"},\"query-input\":{\"@type\":\"PropertyValueSpecification\",\"valueRequired\":true,\"valueName\":\"search_term_string\"}}],\"inLanguage\":\"en-US\"}]}<\/script>\n<!-- \/ Yoast SEO plugin. -->","yoast_head_json":{"title":"Contact us - Lumigny Safari Reserve","robots":{"index":"index","follow":"follow","max-snippet":"max-snippet:-1","max-image-preview":"max-image-preview:large","max-video-preview":"max-video-preview:-1"},"canonical":"https:\/\/lumigny-safari-reserve.com\/en\/contact-us\/","og_locale":"en_US","og_type":"article","og_title":"Contact us - Lumigny Safari Reserve","og_description":"Write us","og_url":"https:\/\/lumigny-safari-reserve.com\/en\/contact-us\/","og_site_name":"Lumigny Safari Reserve","article_modified_time":"2024-05-25T12:13:17+00:00","og_image":[{"width":1280,"height":1300,"url":"https:\/\/lumigny-safari-reserve.com\/wp-content\/uploads\/2024\/01\/contact.jpg","type":"image\/jpeg"}],"twitter_card":"summary_large_image","twitter_misc":{"Est. reading time":"1 minute"},"schema":{"@context":"https:\/\/schema.org","@graph":[{"@type":"WebPage","@id":"https:\/\/lumigny-safari-reserve.com\/en\/contact-us\/","url":"https:\/\/lumigny-safari-reserve.com\/en\/contact-us\/","name":"Contact us - Lumigny Safari Reserve","isPartOf":{"@id":"https:\/\/lumigny-safari-reserve.com\/en\/#website"},"primaryImageOfPage":{"@id":"https:\/\/lumigny-safari-reserve.com\/en\/contact-us\/#primaryimage"},"image":{"@id":"https:\/\/lumigny-safari-reserve.com\/en\/contact-us\/#primaryimage"},"thumbnailUrl":"https:\/\/lumigny-safari-reserve.com\/wp-content\/uploads\/2025\/04\/lions-contact.webp","datePublished":"2024-04-12T14:27:33+00:00","dateModified":"2024-05-25T12:13:17+00:00","breadcrumb":{"@id":"https:\/\/lumigny-safari-reserve.com\/en\/contact-us\/#breadcrumb"},"inLanguage":"en-US","potentialAction":[{"@type":"ReadAction","target":["https:\/\/lumigny-safari-reserve.com\/en\/contact-us\/"]}]},{"@type":"ImageObject","inLanguage":"en-US","@id":"https:\/\/lumigny-safari-reserve.com\/en\/contact-us\/#primaryimage","url":"https:\/\/lumigny-safari-reserve.com\/wp-content\/uploads\/2025\/04\/lions-contact.webp","contentUrl":"https:\/\/lumigny-safari-reserve.com\/wp-content\/uploads\/2025\/04\/lions-contact.webp","width":800,"height":450,"caption":"Famille de lions au repos \u00e0 la Safari R\u00e9serve de Lumigny, situ\u00e9e en Seine-et-Marne (77), \u00e0 proximit\u00e9 de Provins en \u00cele-de-France \u2013 photo illustrant la page contact."},{"@type":"BreadcrumbList","@id":"https:\/\/lumigny-safari-reserve.com\/en\/contact-us\/#breadcrumb","itemListElement":[{"@type":"ListItem","position":1,"name":"Accueil","item":"https:\/\/lumigny-safari-reserve.com\/en\/"},{"@type":"ListItem","position":2,"name":"Contact us"}]},{"@type":"WebSite","@id":"https:\/\/lumigny-safari-reserve.com\/en\/#website","url":"https:\/\/lumigny-safari-reserve.com\/en\/","name":"Lumigny Safari Reserve","description":"","potentialAction":[{"@type":"SearchAction","target":{"@type":"EntryPoint","urlTemplate":"https:\/\/lumigny-safari-reserve.com\/en\/?s={search_term_string}"},"query-input":{"@type":"PropertyValueSpecification","valueRequired":true,"valueName":"search_term_string"}}],"inLanguage":"en-US"}]}},"_links":{"self":[{"href":"https:\/\/lumigny-safari-reserve.com\/en\/wp-json\/wp\/v2\/pages\/248269","targetHints":{"allow":["GET"]}}],"collection":[{"href":"https:\/\/lumigny-safari-reserve.com\/en\/wp-json\/wp\/v2\/pages"}],"about":[{"href":"https:\/\/lumigny-safari-reserve.com\/en\/wp-json\/wp\/v2\/types\/page"}],"author":[{"embeddable":true,"href":"https:\/\/lumigny-safari-reserve.com\/en\/wp-json\/wp\/v2\/users\/1"}],"replies":[{"embeddable":true,"href":"https:\/\/lumigny-safari-reserve.com\/en\/wp-json\/wp\/v2\/comments?post=248269"}],"version-history":[{"count":2,"href":"https:\/\/lumigny-safari-reserve.com\/en\/wp-json\/wp\/v2\/pages\/248269\/revisions"}],"predecessor-version":[{"id":265255,"href":"https:\/\/lumigny-safari-reserve.com\/en\/wp-json\/wp\/v2\/pages\/248269\/revisions\/265255"}],"wp:featuredmedia":[{"embeddable":true,"href":"https:\/\/lumigny-safari-reserve.com\/en\/wp-json\/wp\/v2\/media\/320239"}],"wp:attachment":[{"href":"https:\/\/lumigny-safari-reserve.com\/en\/wp-json\/wp\/v2\/media?parent=248269"}],"curies":[{"name":"wp","href":"https:\/\/api.w.org\/{rel}","templated":true}]}}